{"id":12134,"date":"2021-04-29T08:32:15","date_gmt":"2021-04-29T06:32:15","guid":{"rendered":"https:\/\/loopie.pl\/panel-zakaznika\/"},"modified":"2023-02-13T10:11:20","modified_gmt":"2023-02-13T09:11:20","slug":"panel-zakaznika","status":"publish","type":"page","link":"https:\/\/loopie.pl\/cs\/panel-zakaznika\/","title":{"rendered":"Panel Z\u00e1kazn\u00edka"},"content":{"rendered":"\t\t<div data-elementor-type=\"wp-page\" data-elementor-id=\"12134\" class=\"elementor elementor-12134 elementor-12\">\n\t\t\t\t\t\t\t\t\t<section class=\"elementor-section elementor-top-section elementor-element elementor-element-a1d8740 hero elementor-section-content-top elementor-section-boxed elementor-section-height-default elementor-section-height-default\" data-id=\"a1d8740\" data-element_type=\"section\" data-settings=\"{&quot;background_background&quot;:&quot;classic&quot;}\">\n\t\t\t\t\t\t<div class=\"elementor-container elementor-column-gap-default\">\n\t\t\t\t\t<div class=\"elementor-column elementor-col-100 elementor-top-column elementor-element elementor-element-559a0b8\" data-id=\"559a0b8\" data-element_type=\"column\">\n\t\t\t<div class=\"elementor-widget-wrap elementor-element-populated\">\n\t\t\t\t\t\t\t\t<div class=\"elementor-element elementor-element-b578a4b elementor-widget elementor-widget-heading\" data-id=\"b578a4b\" data-element_type=\"widget\" data-widget_type=\"heading.default\">\n\t\t\t\t<div class=\"elementor-widget-container\">\n\t\t\t<style>\/*! elementor - v3.13.2 - 11-05-2023 *\/\n.elementor-heading-title{padding:0;margin:0;line-height:1}.elementor-widget-heading .elementor-heading-title[class*=elementor-size-]>a{color:inherit;font-size:inherit;line-height:inherit}.elementor-widget-heading .elementor-heading-title.elementor-size-small{font-size:15px}.elementor-widget-heading .elementor-heading-title.elementor-size-medium{font-size:19px}.elementor-widget-heading .elementor-heading-title.elementor-size-large{font-size:29px}.elementor-widget-heading .elementor-heading-title.elementor-size-xl{font-size:39px}.elementor-widget-heading .elementor-heading-title.elementor-size-xxl{font-size:59px}<\/style><span class=\"elementor-heading-title elementor-size-default\">Panel Z\u00e1kazn\u00edka<\/span>\t\t<\/div>\n\t\t\t\t<\/div>\n\t\t\t\t\t<\/div>\n\t\t<\/div>\n\t\t\t\t\t\t\t<\/div>\n\t\t<\/section>\n\t\t\t\t<section class=\"elementor-section elementor-top-section elementor-element elementor-element-2687bb54 elementor-section-boxed elementor-section-height-default elementor-section-height-default\" data-id=\"2687bb54\" data-element_type=\"section\" id=\"myaccount\">\n\t\t\t\t\t\t<div class=\"elementor-container elementor-column-gap-default\">\n\t\t\t\t\t<div class=\"elementor-column elementor-col-100 elementor-top-column elementor-element elementor-element-43c9b647\" data-id=\"43c9b647\" data-element_type=\"column\" data-settings=\"{&quot;background_background&quot;:&quot;classic&quot;}\">\n\t\t\t<div class=\"elementor-widget-wrap elementor-element-populated\">\n\t\t\t\t\t\t\t\t<div class=\"elementor-element elementor-element-69320454 elementor-widget elementor-widget-text-editor\" data-id=\"69320454\" data-element_type=\"widget\" data-widget_type=\"text-editor.default\">\n\t\t\t\t<div class=\"elementor-widget-container\">\n\t\t\t<style>\/*! elementor - v3.13.2 - 11-05-2023 *\/\n.elementor-widget-text-editor.elementor-drop-cap-view-stacked .elementor-drop-cap{background-color:#69727d;color:#fff}.elementor-widget-text-editor.elementor-drop-cap-view-framed .elementor-drop-cap{color:#69727d;border:3px solid;background-color:transparent}.elementor-widget-text-editor:not(.elementor-drop-cap-view-default) .elementor-drop-cap{margin-top:8px}.elementor-widget-text-editor:not(.elementor-drop-cap-view-default) .elementor-drop-cap-letter{width:1em;height:1em}.elementor-widget-text-editor .elementor-drop-cap{float:left;text-align:center;line-height:1;font-size:50px}.elementor-widget-text-editor .elementor-drop-cap-letter{display:inline-block}<\/style>\t\t\t\t<div class=\"woocommerce\"><\/div>\n\t\t\t\t\t\t<\/div>\n\t\t\t\t<\/div>\n\t\t\t\t\t<\/div>\n\t\t<\/div>\n\t\t\t\t\t\t\t<\/div>\n\t\t<\/section>\n\t\t\t\t<section class=\"elementor-section elementor-top-section elementor-element elementor-element-e55209c elementor-section-boxed elementor-section-height-default elementor-section-height-default\" data-id=\"e55209c\" data-element_type=\"section\">\n\t\t\t\t\t\t<div class=\"elementor-container elementor-column-gap-default\">\n\t\t\t\t\t<div class=\"elementor-column elementor-col-100 elementor-top-column elementor-element elementor-element-62233cb\" data-id=\"62233cb\" data-element_type=\"column\">\n\t\t\t<div class=\"elementor-widget-wrap elementor-element-populated\">\n\t\t\t\t\t\t\t\t<div class=\"elementor-element elementor-element-df25fec elementor-widget elementor-widget-text-editor\" data-id=\"df25fec\" data-element_type=\"widget\" data-widget_type=\"text-editor.default\">\n\t\t\t\t<div class=\"elementor-widget-container\">\n\t\t\t\t\t\t\t<p>M\u00e1te n\u011bjak\u00e9 dotazy? Pod\u00edvejte se na<a href=\"https:\/\/loopie.pl\/cs\/faq\/\">FAQ<\/a><\/p>\r\n<p>Pot\u0159ebuje\u0161 pomoc? <a href=\"https:\/\/loopie.pl\/cs\/kontakt\/\">Kontakt<\/a> n\u00e1s.<\/p>\t\t\t\t\t\t<\/div>\n\t\t\t\t<\/div>\n\t\t\t\t\t<\/div>\n\t\t<\/div>\n\t\t\t\t\t\t\t<\/div>\n\t\t<\/section>\n\t\t\t\t\t\t\t<\/div>\n\t\t","protected":false},"excerpt":{"rendered":"<p>M\u00e1te n\u011bjak\u00e9 dotazy? Pod\u00edvejte se naFAQ Pot\u0159ebuje\u0161 pomoc? Kontakt n\u00e1s.<\/p>\n","protected":false},"author":1,"featured_media":0,"parent":0,"menu_order":0,"comment_status":"closed","ping_status":"closed","template":"elementor_header_footer","meta":{"_mi_skip_tracking":false,"footnotes":""},"acf":[],"yoast_head":"<!-- This site is optimized with the Yoast SEO Premium plugin v20.13 (Yoast SEO v20.13) - https:\/\/yoast.com\/wordpress\/plugins\/seo\/ -->\n<title>Panel Z\u00e1kazn\u00edka - loopie.pl<\/title>\n<meta name=\"robots\" content=\"noindex, nofollow\" \/>\n<meta property=\"og:locale\" content=\"cs_CZ\" \/>\n<meta property=\"og:type\" content=\"article\" \/>\n<meta property=\"og:title\" content=\"Panel Z\u00e1kazn\u00edka\" \/>\n<meta property=\"og:description\" content=\"M\u00e1te n\u011bjak\u00e9 dotazy? Pod\u00edvejte se naFAQ Pot\u0159ebuje\u0161 pomoc? Kontakt n\u00e1s.\" \/>\n<meta property=\"og:url\" content=\"https:\/\/loopie.pl\/moje-konto\/\" \/>\n<meta property=\"og:site_name\" content=\"loopie.pl\" \/>\n<meta property=\"article:modified_time\" content=\"2023-02-13T09:11:20+00:00\" \/>\n<meta name=\"twitter:card\" content=\"summary_large_image\" \/>\n<script type=\"application\/ld+json\" class=\"yoast-schema-graph\">{\"@context\":\"https:\/\/schema.org\",\"@graph\":[{\"@type\":\"WebPage\",\"@id\":\"https:\/\/loopie.pl\/moje-konto\/\",\"url\":\"https:\/\/loopie.pl\/moje-konto\/\",\"name\":\"Panel Z\u00e1kazn\u00edka - loopie.pl\",\"isPartOf\":{\"@id\":\"https:\/\/loopie.pl\/#website\"},\"datePublished\":\"2021-04-29T06:32:15+00:00\",\"dateModified\":\"2023-02-13T09:11:20+00:00\",\"breadcrumb\":{\"@id\":\"https:\/\/loopie.pl\/moje-konto\/#breadcrumb\"},\"inLanguage\":\"cs\",\"potentialAction\":[{\"@type\":\"ReadAction\",\"target\":[\"https:\/\/loopie.pl\/moje-konto\/\"]}]},{\"@type\":\"BreadcrumbList\",\"@id\":\"https:\/\/loopie.pl\/moje-konto\/#breadcrumb\",\"itemListElement\":[{\"@type\":\"ListItem\",\"position\":1,\"name\":\"Start\",\"item\":\"https:\/\/loopie.pl\/cs\/\"},{\"@type\":\"ListItem\",\"position\":2,\"name\":\"Panel Z\u00e1kazn\u00edka\"}]},{\"@type\":\"WebSite\",\"@id\":\"https:\/\/loopie.pl\/#website\",\"url\":\"https:\/\/loopie.pl\/\",\"name\":\"loopie.pl\",\"description\":\"\",\"potentialAction\":[{\"@type\":\"SearchAction\",\"target\":{\"@type\":\"EntryPoint\",\"urlTemplate\":\"https:\/\/loopie.pl\/?s={search_term_string}\"},\"query-input\":\"required name=search_term_string\"}],\"inLanguage\":\"cs\"}]}<\/script>\n<!-- \/ Yoast SEO Premium plugin. -->","yoast_head_json":{"title":"Panel Z\u00e1kazn\u00edka - loopie.pl","robots":{"index":"noindex","follow":"nofollow"},"og_locale":"cs_CZ","og_type":"article","og_title":"Panel Z\u00e1kazn\u00edka","og_description":"M\u00e1te n\u011bjak\u00e9 dotazy? Pod\u00edvejte se naFAQ Pot\u0159ebuje\u0161 pomoc? Kontakt n\u00e1s.","og_url":"https:\/\/loopie.pl\/moje-konto\/","og_site_name":"loopie.pl","article_modified_time":"2023-02-13T09:11:20+00:00","twitter_card":"summary_large_image","schema":{"@context":"https:\/\/schema.org","@graph":[{"@type":"WebPage","@id":"https:\/\/loopie.pl\/moje-konto\/","url":"https:\/\/loopie.pl\/moje-konto\/","name":"Panel Z\u00e1kazn\u00edka - loopie.pl","isPartOf":{"@id":"https:\/\/loopie.pl\/#website"},"datePublished":"2021-04-29T06:32:15+00:00","dateModified":"2023-02-13T09:11:20+00:00","breadcrumb":{"@id":"https:\/\/loopie.pl\/moje-konto\/#breadcrumb"},"inLanguage":"cs","potentialAction":[{"@type":"ReadAction","target":["https:\/\/loopie.pl\/moje-konto\/"]}]},{"@type":"BreadcrumbList","@id":"https:\/\/loopie.pl\/moje-konto\/#breadcrumb","itemListElement":[{"@type":"ListItem","position":1,"name":"Start","item":"https:\/\/loopie.pl\/cs\/"},{"@type":"ListItem","position":2,"name":"Panel Z\u00e1kazn\u00edka"}]},{"@type":"WebSite","@id":"https:\/\/loopie.pl\/#website","url":"https:\/\/loopie.pl\/","name":"loopie.pl","description":"","potentialAction":[{"@type":"SearchAction","target":{"@type":"EntryPoint","urlTemplate":"https:\/\/loopie.pl\/?s={search_term_string}"},"query-input":"required name=search_term_string"}],"inLanguage":"cs"}]}},"_links":{"self":[{"href":"https:\/\/loopie.pl\/cs\/wp-json\/wp\/v2\/pages\/12134"}],"collection":[{"href":"https:\/\/loopie.pl\/cs\/wp-json\/wp\/v2\/pages"}],"about":[{"href":"https:\/\/loopie.pl\/cs\/wp-json\/wp\/v2\/types\/page"}],"author":[{"embeddable":true,"href":"https:\/\/loopie.pl\/cs\/wp-json\/wp\/v2\/users\/1"}],"replies":[{"embeddable":true,"href":"https:\/\/loopie.pl\/cs\/wp-json\/wp\/v2\/comments?post=12134"}],"version-history":[{"count":0,"href":"https:\/\/loopie.pl\/cs\/wp-json\/wp\/v2\/pages\/12134\/revisions"}],"wp:attachment":[{"href":"https:\/\/loopie.pl\/cs\/wp-json\/wp\/v2\/media?parent=12134"}],"curies":[{"name":"wp","href":"https:\/\/api.w.org\/{rel}","templated":true}]}}