{"id":12225,"date":"2021-10-08T08:40:52","date_gmt":"2021-10-08T06:40:52","guid":{"rendered":"https:\/\/loopie.pl\/produkt\/starter\/"},"modified":"2023-11-29T08:16:44","modified_gmt":"2023-11-29T07:16:44","slug":"starter","status":"publish","type":"product","link":"https:\/\/loopie.pl\/cs\/produkt\/starter\/","title":{"rendered":"Starter"},"content":{"rendered":"<ul>\n<li><strong>200 &#8211; 1200 skute\u010dn\u00fdch sleduj\u00edc\u00edch<\/strong><\/li>\n<li>1 m\u011bs\u00edc <span class=\"woocommerce-Price-currencySymbol\">\u20ac<\/span>\u00a011 levn\u011bji<\/li>\n<li><strong>mo\u017enost zru\u0161en\u00ed kdykoli a zdarma!<\/strong><\/li>\n<li>bez z\u00e1vazk\u016f<\/li>\n<li>pouze pro nov\u00e9 u\u017eivatele<\/li>\n<li><strong>zaru\u010den\u00e9 v\u00fdsledky!<\/strong><\/li>\n<li>p\u0159esn\u00fd v\u00fdb\u011br c\u00edlov\u00e9 skupiny<\/li>\n<li>automatick\u00e9 obnoven\u00ed p\u0159edplatn\u00e9ho<\/li>\n<\/ul>\n<p data-pm-slice=\"1 1 []\">*od druh\u00e9ho z\u00fa\u010dtovac\u00edho obdob\u00ed je cena bal\u00ed\u010dku <span class=\"woocommerce-Price-currencySymbol\">\u20ac<\/span> 64<\/p>\n","protected":false},"excerpt":{"rendered":"<p>200 &#8211; 1200 skute\u010dn\u00fdch sleduj\u00edc\u00edch 1 m\u011bs\u00edc \u20ac\u00a011 levn\u011bji mo\u017enost zru\u0161en\u00ed kdykoli a zdarma! bez z\u00e1vazk\u016f pouze pro nov\u00e9 u\u017eivatele zaru\u010den\u00e9 v\u00fdsledky! p\u0159esn\u00fd v\u00fdb\u011br c\u00edlov\u00e9 skupiny automatick\u00e9 obnoven\u00ed p\u0159edplatn\u00e9ho *od druh\u00e9ho z\u00fa\u010dtovac\u00edho obdob\u00ed je cena bal\u00ed\u010dku \u20ac 64<\/p>\n","protected":false},"featured_media":12022,"template":"","meta":{"_mi_skip_tracking":false},"product_cat":[154,101],"product_tag":[52],"acf":[],"yoast_head":"<!-- This site is optimized with the Yoast SEO Premium plugin v20.13 (Yoast SEO v20.13) - https:\/\/yoast.com\/wordpress\/plugins\/seo\/ -->\n<title>Starter - loopie.pl<\/title>\n<meta name=\"robots\" content=\"noindex, follow\" \/>\n<meta property=\"og:locale\" content=\"cs_CZ\" \/>\n<meta property=\"og:type\" content=\"article\" \/>\n<meta property=\"og:title\" content=\"Starter\" \/>\n<meta property=\"og:description\" content=\"200 &#8211; 1200 skute\u010dn\u00fdch sleduj\u00edc\u00edch 1 m\u011bs\u00edc \u20ac\u00a011 levn\u011bji mo\u017enost zru\u0161en\u00ed kdykoli a zdarma! bez z\u00e1vazk\u016f pouze pro nov\u00e9 u\u017eivatele zaru\u010den\u00e9 v\u00fdsledky! p\u0159esn\u00fd v\u00fdb\u011br c\u00edlov\u00e9 skupiny automatick\u00e9 obnoven\u00ed p\u0159edplatn\u00e9ho *od druh\u00e9ho z\u00fa\u010dtovac\u00edho obdob\u00ed je cena bal\u00ed\u010dku \u20ac 64\" \/>\n<meta property=\"og:url\" content=\"https:\/\/loopie.pl\/cs\/produkt\/starter\/\" \/>\n<meta property=\"og:site_name\" content=\"loopie.pl\" \/>\n<meta property=\"article:modified_time\" content=\"2023-11-29T07:16:44+00:00\" \/>\n<meta property=\"og:image\" content=\"https:\/\/loopie.pl\/wp-content\/uploads\/2021\/06\/cropped-loopie_favicon-1.png\" \/>\n\t<meta property=\"og:image:width\" content=\"512\" \/>\n\t<meta property=\"og:image:height\" content=\"512\" \/>\n\t<meta property=\"og:image:type\" content=\"image\/png\" \/>\n<meta name=\"twitter:card\" content=\"summary_large_image\" \/>\n<script type=\"application\/ld+json\" class=\"yoast-schema-graph\">{\"@context\":\"https:\/\/schema.org\",\"@graph\":[{\"@type\":\"WebPage\",\"@id\":\"https:\/\/loopie.pl\/cs\/produkt\/starter\/\",\"url\":\"https:\/\/loopie.pl\/cs\/produkt\/starter\/\",\"name\":\"Starter - loopie.pl\",\"isPartOf\":{\"@id\":\"https:\/\/loopie.pl\/#website\"},\"datePublished\":\"2021-10-08T06:40:52+00:00\",\"dateModified\":\"2023-11-29T07:16:44+00:00\",\"breadcrumb\":{\"@id\":\"https:\/\/loopie.pl\/cs\/produkt\/starter\/#breadcrumb\"},\"inLanguage\":\"cs\",\"potentialAction\":[{\"@type\":\"ReadAction\",\"target\":[\"https:\/\/loopie.pl\/cs\/produkt\/starter\/\"]}]},{\"@type\":\"BreadcrumbList\",\"@id\":\"https:\/\/loopie.pl\/cs\/produkt\/starter\/#breadcrumb\",\"itemListElement\":[{\"@type\":\"ListItem\",\"position\":1,\"name\":\"Start\",\"item\":\"https:\/\/loopie.pl\/cs\/\"},{\"@type\":\"ListItem\",\"position\":2,\"name\":\"Cen\u00edk\",\"item\":\"https:\/\/loopie.pl\/cs\/cenik\/\"},{\"@type\":\"ListItem\",\"position\":3,\"name\":\"Starter\"}]},{\"@type\":\"WebSite\",\"@id\":\"https:\/\/loopie.pl\/#website\",\"url\":\"https:\/\/loopie.pl\/\",\"name\":\"loopie.pl\",\"description\":\"\",\"potentialAction\":[{\"@type\":\"SearchAction\",\"target\":{\"@type\":\"EntryPoint\",\"urlTemplate\":\"https:\/\/loopie.pl\/?s={search_term_string}\"},\"query-input\":\"required name=search_term_string\"}],\"inLanguage\":\"cs\"}]}<\/script>\n<!-- \/ Yoast SEO Premium plugin. -->","yoast_head_json":{"title":"Starter - loopie.pl","robots":{"index":"noindex","follow":"follow"},"og_locale":"cs_CZ","og_type":"article","og_title":"Starter","og_description":"200 &#8211; 1200 skute\u010dn\u00fdch sleduj\u00edc\u00edch 1 m\u011bs\u00edc \u20ac\u00a011 levn\u011bji mo\u017enost zru\u0161en\u00ed kdykoli a zdarma! bez z\u00e1vazk\u016f pouze pro nov\u00e9 u\u017eivatele zaru\u010den\u00e9 v\u00fdsledky! p\u0159esn\u00fd v\u00fdb\u011br c\u00edlov\u00e9 skupiny automatick\u00e9 obnoven\u00ed p\u0159edplatn\u00e9ho *od druh\u00e9ho z\u00fa\u010dtovac\u00edho obdob\u00ed je cena bal\u00ed\u010dku \u20ac 64","og_url":"https:\/\/loopie.pl\/cs\/produkt\/starter\/","og_site_name":"loopie.pl","article_modified_time":"2023-11-29T07:16:44+00:00","og_image":[{"width":512,"height":512,"url":"https:\/\/loopie.pl\/wp-content\/uploads\/2021\/06\/cropped-loopie_favicon-1.png","type":"image\/png"}],"twitter_card":"summary_large_image","schema":{"@context":"https:\/\/schema.org","@graph":[{"@type":"WebPage","@id":"https:\/\/loopie.pl\/cs\/produkt\/starter\/","url":"https:\/\/loopie.pl\/cs\/produkt\/starter\/","name":"Starter - loopie.pl","isPartOf":{"@id":"https:\/\/loopie.pl\/#website"},"datePublished":"2021-10-08T06:40:52+00:00","dateModified":"2023-11-29T07:16:44+00:00","breadcrumb":{"@id":"https:\/\/loopie.pl\/cs\/produkt\/starter\/#breadcrumb"},"inLanguage":"cs","potentialAction":[{"@type":"ReadAction","target":["https:\/\/loopie.pl\/cs\/produkt\/starter\/"]}]},{"@type":"BreadcrumbList","@id":"https:\/\/loopie.pl\/cs\/produkt\/starter\/#breadcrumb","itemListElement":[{"@type":"ListItem","position":1,"name":"Start","item":"https:\/\/loopie.pl\/cs\/"},{"@type":"ListItem","position":2,"name":"Cen\u00edk","item":"https:\/\/loopie.pl\/cs\/cenik\/"},{"@type":"ListItem","position":3,"name":"Starter"}]},{"@type":"WebSite","@id":"https:\/\/loopie.pl\/#website","url":"https:\/\/loopie.pl\/","name":"loopie.pl","description":"","potentialAction":[{"@type":"SearchAction","target":{"@type":"EntryPoint","urlTemplate":"https:\/\/loopie.pl\/?s={search_term_string}"},"query-input":"required name=search_term_string"}],"inLanguage":"cs"}]}},"_links":{"self":[{"href":"https:\/\/loopie.pl\/cs\/wp-json\/wp\/v2\/product\/12225"}],"collection":[{"href":"https:\/\/loopie.pl\/cs\/wp-json\/wp\/v2\/product"}],"about":[{"href":"https:\/\/loopie.pl\/cs\/wp-json\/wp\/v2\/types\/product"}],"wp:featuredmedia":[{"embeddable":true,"href":"https:\/\/loopie.pl\/cs\/wp-json\/wp\/v2\/media\/12022"}],"wp:attachment":[{"href":"https:\/\/loopie.pl\/cs\/wp-json\/wp\/v2\/media?parent=12225"}],"wp:term":[{"taxonomy":"product_cat","embeddable":true,"href":"https:\/\/loopie.pl\/cs\/wp-json\/wp\/v2\/product_cat?post=12225"},{"taxonomy":"product_tag","embeddable":true,"href":"https:\/\/loopie.pl\/cs\/wp-json\/wp\/v2\/product_tag?post=12225"}],"curies":[{"name":"wp","href":"https:\/\/api.w.org\/{rel}","templated":true}]}}