{"id":12424,"date":"2021-10-08T08:34:34","date_gmt":"2021-10-08T06:34:34","guid":{"rendered":"https:\/\/loopie.pl\/produkt\/professional-2\/"},"modified":"2024-04-25T15:45:09","modified_gmt":"2024-04-25T13:45:09","slug":"professional-2","status":"publish","type":"product","link":"https:\/\/loopie.pl\/cs\/produkt\/professional-2\/","title":{"rendered":"Professional"},"content":{"rendered":"<ul>\n<li><strong>15% slevy<\/strong><\/li>\n<li><strong>1200 \u2013 4800 skute\u010dn\u00fdch sleduj\u00edc\u00edch<\/strong><\/li>\n<li>zaru\u010den\u00e9 v\u00fdsledky!<\/li>\n<li><strong>mo\u017enost zru\u0161en\u00ed kdykoli a zdarma!<\/strong><\/li>\n<li>bez z\u00e1vazk\u016f<\/li>\n<li>p\u0159esn\u00fd v\u00fdb\u011br c\u00edlov\u00e9 skupiny<\/li>\n<li>automatick\u00e9 obnoven\u00ed p\u0159edplatn\u00e9ho<\/li>\n<li>podpora specialisty na soci\u00e1ln\u00ed m\u00e9dia<\/li>\n<li>anal\u00fdza va\u0161eho profilu ka\u017ed\u00e9 3 m\u011bs\u00edce<\/li>\n<\/ul>\n","protected":false},"excerpt":{"rendered":"<p>15% slevy 1200 \u2013 4800 skute\u010dn\u00fdch sleduj\u00edc\u00edch zaru\u010den\u00e9 v\u00fdsledky! mo\u017enost zru\u0161en\u00ed kdykoli a zdarma! bez z\u00e1vazk\u016f p\u0159esn\u00fd v\u00fdb\u011br c\u00edlov\u00e9 skupiny automatick\u00e9 obnoven\u00ed p\u0159edplatn\u00e9ho podpora specialisty na soci\u00e1ln\u00ed m\u00e9dia anal\u00fdza va\u0161eho profilu ka\u017ed\u00e9 3 m\u011bs\u00edce<\/p>\n","protected":false},"featured_media":12022,"template":"","meta":{"_mi_skip_tracking":false},"product_cat":[154,101],"product_tag":[52],"acf":[],"yoast_head":"<!-- This site is optimized with the Yoast SEO Premium plugin v20.13 (Yoast SEO v20.13) - https:\/\/yoast.com\/wordpress\/plugins\/seo\/ -->\n<title>Professional - loopie.pl<\/title>\n<meta name=\"robots\" content=\"noindex, follow\" \/>\n<meta property=\"og:locale\" content=\"cs_CZ\" \/>\n<meta property=\"og:type\" content=\"article\" \/>\n<meta property=\"og:title\" content=\"Professional\" \/>\n<meta property=\"og:description\" content=\"15% slevy 1200 \u2013 4800 skute\u010dn\u00fdch sleduj\u00edc\u00edch zaru\u010den\u00e9 v\u00fdsledky! mo\u017enost zru\u0161en\u00ed kdykoli a zdarma! bez z\u00e1vazk\u016f p\u0159esn\u00fd v\u00fdb\u011br c\u00edlov\u00e9 skupiny automatick\u00e9 obnoven\u00ed p\u0159edplatn\u00e9ho podpora specialisty na soci\u00e1ln\u00ed m\u00e9dia anal\u00fdza va\u0161eho profilu ka\u017ed\u00e9 3 m\u011bs\u00edce\" \/>\n<meta property=\"og:url\" content=\"https:\/\/loopie.pl\/cs\/produkt\/professional-2\/\" \/>\n<meta property=\"og:site_name\" content=\"loopie.pl\" \/>\n<meta property=\"article:modified_time\" content=\"2024-04-25T13:45:09+00:00\" \/>\n<meta property=\"og:image\" content=\"https:\/\/loopie.pl\/wp-content\/uploads\/2021\/06\/cropped-loopie_favicon-1.png\" \/>\n\t<meta property=\"og:image:width\" content=\"512\" \/>\n\t<meta property=\"og:image:height\" content=\"512\" \/>\n\t<meta property=\"og:image:type\" content=\"image\/png\" \/>\n<meta name=\"twitter:card\" content=\"summary_large_image\" \/>\n<script type=\"application\/ld+json\" class=\"yoast-schema-graph\">{\"@context\":\"https:\/\/schema.org\",\"@graph\":[{\"@type\":\"WebPage\",\"@id\":\"https:\/\/loopie.pl\/cs\/produkt\/professional-2\/\",\"url\":\"https:\/\/loopie.pl\/cs\/produkt\/professional-2\/\",\"name\":\"Professional - loopie.pl\",\"isPartOf\":{\"@id\":\"https:\/\/loopie.pl\/#website\"},\"datePublished\":\"2021-10-08T06:34:34+00:00\",\"dateModified\":\"2024-04-25T13:45:09+00:00\",\"breadcrumb\":{\"@id\":\"https:\/\/loopie.pl\/cs\/produkt\/professional-2\/#breadcrumb\"},\"inLanguage\":\"cs\",\"potentialAction\":[{\"@type\":\"ReadAction\",\"target\":[\"https:\/\/loopie.pl\/cs\/produkt\/professional-2\/\"]}]},{\"@type\":\"BreadcrumbList\",\"@id\":\"https:\/\/loopie.pl\/cs\/produkt\/professional-2\/#breadcrumb\",\"itemListElement\":[{\"@type\":\"ListItem\",\"position\":1,\"name\":\"Start\",\"item\":\"https:\/\/loopie.pl\/cs\/\"},{\"@type\":\"ListItem\",\"position\":2,\"name\":\"Cen\u00edk\",\"item\":\"https:\/\/loopie.pl\/cs\/cenik\/\"},{\"@type\":\"ListItem\",\"position\":3,\"name\":\"Professional\"}]},{\"@type\":\"WebSite\",\"@id\":\"https:\/\/loopie.pl\/#website\",\"url\":\"https:\/\/loopie.pl\/\",\"name\":\"loopie.pl\",\"description\":\"\",\"potentialAction\":[{\"@type\":\"SearchAction\",\"target\":{\"@type\":\"EntryPoint\",\"urlTemplate\":\"https:\/\/loopie.pl\/?s={search_term_string}\"},\"query-input\":\"required name=search_term_string\"}],\"inLanguage\":\"cs\"}]}<\/script>\n<!-- \/ Yoast SEO Premium plugin. -->","yoast_head_json":{"title":"Professional - loopie.pl","robots":{"index":"noindex","follow":"follow"},"og_locale":"cs_CZ","og_type":"article","og_title":"Professional","og_description":"15% slevy 1200 \u2013 4800 skute\u010dn\u00fdch sleduj\u00edc\u00edch zaru\u010den\u00e9 v\u00fdsledky! mo\u017enost zru\u0161en\u00ed kdykoli a zdarma! bez z\u00e1vazk\u016f p\u0159esn\u00fd v\u00fdb\u011br c\u00edlov\u00e9 skupiny automatick\u00e9 obnoven\u00ed p\u0159edplatn\u00e9ho podpora specialisty na soci\u00e1ln\u00ed m\u00e9dia anal\u00fdza va\u0161eho profilu ka\u017ed\u00e9 3 m\u011bs\u00edce","og_url":"https:\/\/loopie.pl\/cs\/produkt\/professional-2\/","og_site_name":"loopie.pl","article_modified_time":"2024-04-25T13:45:09+00:00","og_image":[{"width":512,"height":512,"url":"https:\/\/loopie.pl\/wp-content\/uploads\/2021\/06\/cropped-loopie_favicon-1.png","type":"image\/png"}],"twitter_card":"summary_large_image","schema":{"@context":"https:\/\/schema.org","@graph":[{"@type":"WebPage","@id":"https:\/\/loopie.pl\/cs\/produkt\/professional-2\/","url":"https:\/\/loopie.pl\/cs\/produkt\/professional-2\/","name":"Professional - loopie.pl","isPartOf":{"@id":"https:\/\/loopie.pl\/#website"},"datePublished":"2021-10-08T06:34:34+00:00","dateModified":"2024-04-25T13:45:09+00:00","breadcrumb":{"@id":"https:\/\/loopie.pl\/cs\/produkt\/professional-2\/#breadcrumb"},"inLanguage":"cs","potentialAction":[{"@type":"ReadAction","target":["https:\/\/loopie.pl\/cs\/produkt\/professional-2\/"]}]},{"@type":"BreadcrumbList","@id":"https:\/\/loopie.pl\/cs\/produkt\/professional-2\/#breadcrumb","itemListElement":[{"@type":"ListItem","position":1,"name":"Start","item":"https:\/\/loopie.pl\/cs\/"},{"@type":"ListItem","position":2,"name":"Cen\u00edk","item":"https:\/\/loopie.pl\/cs\/cenik\/"},{"@type":"ListItem","position":3,"name":"Professional"}]},{"@type":"WebSite","@id":"https:\/\/loopie.pl\/#website","url":"https:\/\/loopie.pl\/","name":"loopie.pl","description":"","potentialAction":[{"@type":"SearchAction","target":{"@type":"EntryPoint","urlTemplate":"https:\/\/loopie.pl\/?s={search_term_string}"},"query-input":"required name=search_term_string"}],"inLanguage":"cs"}]}},"_links":{"self":[{"href":"https:\/\/loopie.pl\/cs\/wp-json\/wp\/v2\/product\/12424"}],"collection":[{"href":"https:\/\/loopie.pl\/cs\/wp-json\/wp\/v2\/product"}],"about":[{"href":"https:\/\/loopie.pl\/cs\/wp-json\/wp\/v2\/types\/product"}],"wp:featuredmedia":[{"embeddable":true,"href":"https:\/\/loopie.pl\/cs\/wp-json\/wp\/v2\/media\/12022"}],"wp:attachment":[{"href":"https:\/\/loopie.pl\/cs\/wp-json\/wp\/v2\/media?parent=12424"}],"wp:term":[{"taxonomy":"product_cat","embeddable":true,"href":"https:\/\/loopie.pl\/cs\/wp-json\/wp\/v2\/product_cat?post=12424"},{"taxonomy":"product_tag","embeddable":true,"href":"https:\/\/loopie.pl\/cs\/wp-json\/wp\/v2\/product_tag?post=12424"}],"curies":[{"name":"wp","href":"https:\/\/api.w.org\/{rel}","templated":true}]}}