{"id":12975,"date":"2021-10-08T08:39:19","date_gmt":"2021-10-08T06:39:19","guid":{"rendered":"https:\/\/loopie.pl\/?post_type=product&#038;p=12975"},"modified":"2023-11-29T08:21:53","modified_gmt":"2023-11-29T07:21:53","slug":"beginner-2","status":"publish","type":"product","link":"https:\/\/loopie.pl\/es\/producto\/beginner-2\/","title":{"rendered":"Beginner"},"content":{"rendered":"<ul>\n<li><strong>200 &#8211; 1.200 seguidores reales<\/strong><\/li>\n<li>garant\u00eda de resultados<\/li>\n<li><strong>cancelaci\u00f3n en cualquier momento, sin coste alguno<\/strong><\/li>\n<li>sin compromiso<\/li>\n<li>selecci\u00f3n precisa del grupo objetivo<\/li>\n<li>renovaci\u00f3n autom\u00e1tica de las suscripciones<\/li>\n<li><span style=\"text-decoration: line-through;\">apoyo de un\/a especialista en redes sociales<\/span><\/li>\n<li><span style=\"text-decoration: line-through;\">an\u00e1lisis de tu perfil cada 3 meses<\/span><\/li>\n<\/ul>\n","protected":false},"excerpt":{"rendered":"<p>200 &#8211; 1.200 seguidores reales garant\u00eda de resultados cancelaci\u00f3n en cualquier momento, sin coste alguno sin compromiso selecci\u00f3n precisa del grupo objetivo renovaci\u00f3n autom\u00e1tica de las suscripciones apoyo de un\/a especialista en redes sociales an\u00e1lisis de tu perfil cada 3 meses<\/p>\n","protected":false},"featured_media":12628,"template":"","meta":{"_mi_skip_tracking":false},"product_cat":[158,115],"product_tag":[52],"acf":[],"yoast_head":"<!-- This site is optimized with the Yoast SEO Premium plugin v20.13 (Yoast SEO v20.13) - https:\/\/yoast.com\/wordpress\/plugins\/seo\/ -->\n<title>Beginner - loopie.pl<\/title>\n<meta name=\"robots\" content=\"noindex, follow\" \/>\n<meta property=\"og:locale\" content=\"es_ES\" \/>\n<meta property=\"og:type\" content=\"article\" \/>\n<meta property=\"og:title\" content=\"Beginner\" \/>\n<meta property=\"og:description\" content=\"200 &#8211; 1.200 seguidores reales garant\u00eda de resultados cancelaci\u00f3n en cualquier momento, sin coste alguno sin compromiso selecci\u00f3n precisa del grupo objetivo renovaci\u00f3n autom\u00e1tica de las suscripciones apoyo de un\/a especialista en redes sociales an\u00e1lisis de tu perfil cada 3 meses\" \/>\n<meta property=\"og:url\" content=\"https:\/\/loopie.pl\/es\/producto\/beginner-2\/\" \/>\n<meta property=\"og:site_name\" content=\"loopie.pl\" \/>\n<meta property=\"article:modified_time\" content=\"2023-11-29T07:21:53+00:00\" \/>\n<meta property=\"og:image\" content=\"https:\/\/loopie.pl\/wp-content\/uploads\/2021\/06\/cropped-loopie_favicon-1.png\" \/>\n\t<meta property=\"og:image:width\" content=\"512\" \/>\n\t<meta property=\"og:image:height\" content=\"512\" \/>\n\t<meta property=\"og:image:type\" content=\"image\/png\" \/>\n<meta name=\"twitter:card\" content=\"summary_large_image\" \/>\n<script type=\"application\/ld+json\" class=\"yoast-schema-graph\">{\"@context\":\"https:\/\/schema.org\",\"@graph\":[{\"@type\":\"WebPage\",\"@id\":\"https:\/\/loopie.pl\/es\/producto\/beginner-2\/\",\"url\":\"https:\/\/loopie.pl\/es\/producto\/beginner-2\/\",\"name\":\"Beginner - loopie.pl\",\"isPartOf\":{\"@id\":\"https:\/\/loopie.pl\/#website\"},\"datePublished\":\"2021-10-08T06:39:19+00:00\",\"dateModified\":\"2023-11-29T07:21:53+00:00\",\"breadcrumb\":{\"@id\":\"https:\/\/loopie.pl\/es\/producto\/beginner-2\/#breadcrumb\"},\"inLanguage\":\"es\",\"potentialAction\":[{\"@type\":\"ReadAction\",\"target\":[\"https:\/\/loopie.pl\/es\/producto\/beginner-2\/\"]}]},{\"@type\":\"BreadcrumbList\",\"@id\":\"https:\/\/loopie.pl\/es\/producto\/beginner-2\/#breadcrumb\",\"itemListElement\":[{\"@type\":\"ListItem\",\"position\":1,\"name\":\"Start\",\"item\":\"https:\/\/loopie.pl\/es\/\"},{\"@type\":\"ListItem\",\"position\":2,\"name\":\"Lista de precios\",\"item\":\"https:\/\/loopie.pl\/es\/lista-de-precios\/\"},{\"@type\":\"ListItem\",\"position\":3,\"name\":\"Beginner\"}]},{\"@type\":\"WebSite\",\"@id\":\"https:\/\/loopie.pl\/#website\",\"url\":\"https:\/\/loopie.pl\/\",\"name\":\"loopie.pl\",\"description\":\"\",\"potentialAction\":[{\"@type\":\"SearchAction\",\"target\":{\"@type\":\"EntryPoint\",\"urlTemplate\":\"https:\/\/loopie.pl\/?s={search_term_string}\"},\"query-input\":\"required name=search_term_string\"}],\"inLanguage\":\"es\"}]}<\/script>\n<!-- \/ Yoast SEO Premium plugin. -->","yoast_head_json":{"title":"Beginner - loopie.pl","robots":{"index":"noindex","follow":"follow"},"og_locale":"es_ES","og_type":"article","og_title":"Beginner","og_description":"200 &#8211; 1.200 seguidores reales garant\u00eda de resultados cancelaci\u00f3n en cualquier momento, sin coste alguno sin compromiso selecci\u00f3n precisa del grupo objetivo renovaci\u00f3n autom\u00e1tica de las suscripciones apoyo de un\/a especialista en redes sociales an\u00e1lisis de tu perfil cada 3 meses","og_url":"https:\/\/loopie.pl\/es\/producto\/beginner-2\/","og_site_name":"loopie.pl","article_modified_time":"2023-11-29T07:21:53+00:00","og_image":[{"width":512,"height":512,"url":"https:\/\/loopie.pl\/wp-content\/uploads\/2021\/06\/cropped-loopie_favicon-1.png","type":"image\/png"}],"twitter_card":"summary_large_image","schema":{"@context":"https:\/\/schema.org","@graph":[{"@type":"WebPage","@id":"https:\/\/loopie.pl\/es\/producto\/beginner-2\/","url":"https:\/\/loopie.pl\/es\/producto\/beginner-2\/","name":"Beginner - loopie.pl","isPartOf":{"@id":"https:\/\/loopie.pl\/#website"},"datePublished":"2021-10-08T06:39:19+00:00","dateModified":"2023-11-29T07:21:53+00:00","breadcrumb":{"@id":"https:\/\/loopie.pl\/es\/producto\/beginner-2\/#breadcrumb"},"inLanguage":"es","potentialAction":[{"@type":"ReadAction","target":["https:\/\/loopie.pl\/es\/producto\/beginner-2\/"]}]},{"@type":"BreadcrumbList","@id":"https:\/\/loopie.pl\/es\/producto\/beginner-2\/#breadcrumb","itemListElement":[{"@type":"ListItem","position":1,"name":"Start","item":"https:\/\/loopie.pl\/es\/"},{"@type":"ListItem","position":2,"name":"Lista de precios","item":"https:\/\/loopie.pl\/es\/lista-de-precios\/"},{"@type":"ListItem","position":3,"name":"Beginner"}]},{"@type":"WebSite","@id":"https:\/\/loopie.pl\/#website","url":"https:\/\/loopie.pl\/","name":"loopie.pl","description":"","potentialAction":[{"@type":"SearchAction","target":{"@type":"EntryPoint","urlTemplate":"https:\/\/loopie.pl\/?s={search_term_string}"},"query-input":"required name=search_term_string"}],"inLanguage":"es"}]}},"_links":{"self":[{"href":"https:\/\/loopie.pl\/es\/wp-json\/wp\/v2\/product\/12975"}],"collection":[{"href":"https:\/\/loopie.pl\/es\/wp-json\/wp\/v2\/product"}],"about":[{"href":"https:\/\/loopie.pl\/es\/wp-json\/wp\/v2\/types\/product"}],"wp:featuredmedia":[{"embeddable":true,"href":"https:\/\/loopie.pl\/es\/wp-json\/wp\/v2\/media\/12628"}],"wp:attachment":[{"href":"https:\/\/loopie.pl\/es\/wp-json\/wp\/v2\/media?parent=12975"}],"wp:term":[{"taxonomy":"product_cat","embeddable":true,"href":"https:\/\/loopie.pl\/es\/wp-json\/wp\/v2\/product_cat?post=12975"},{"taxonomy":"product_tag","embeddable":true,"href":"https:\/\/loopie.pl\/es\/wp-json\/wp\/v2\/product_tag?post=12975"}],"curies":[{"name":"wp","href":"https:\/\/api.w.org\/{rel}","templated":true}]}}